{"id":241,"date":"2025-09-29T08:34:07","date_gmt":"2025-09-29T08:34:07","guid":{"rendered":"https:\/\/tgservices06.com\/?page_id=241"},"modified":"2025-10-15T19:20:24","modified_gmt":"2025-10-15T19:20:24","slug":"conseils","status":"publish","type":"page","link":"https:\/\/tgservices06.com\/index.php\/conseils\/","title":{"rendered":"Conseils"},"content":{"rendered":"\t\t<div data-elementor-type=\"wp-page\" data-elementor-id=\"241\" class=\"elementor elementor-241\">\n\t\t\t\t<div class=\"elementor-element elementor-element-67e8779 e-flex e-con-boxed e-con e-parent\" data-id=\"67e8779\" data-element_type=\"container\">\n\t\t\t\t\t<div class=\"e-con-inner\">\n\t\t\t\t<div class=\"elementor-element elementor-element-8b3b002 elementor-widget elementor-widget-heading\" data-id=\"8b3b002\" data-element_type=\"widget\" data-widget_type=\"heading.default\">\n\t\t\t\t\t<h1 class=\"elementor-heading-title elementor-size-default\">Conseils et astuces jardinage<\/h1>\t\t\t\t<\/div>\n\t\t\t\t\t<\/div>\n\t\t\t\t<\/div>\n\t\t<div class=\"elementor-element elementor-element-a02c4fb e-flex e-con-boxed e-con e-parent\" data-id=\"a02c4fb\" data-element_type=\"container\">\n\t\t\t\t\t<div class=\"e-con-inner\">\n\t\t\t\t<div class=\"elementor-element elementor-element-59da67a elementor-widget elementor-widget-text-editor\" data-id=\"59da67a\" data-element_type=\"widget\" data-widget_type=\"text-editor.default\">\n\t\t\t\t\t\t\t\t\t<p>Voici quelques conseils et astuces jardin que je peux vous transmettre pour un\u00a0 jardin resplendissant.<\/p><p>Pour encore plus de conseils et astuces en temps r\u00e9els, rendez-vous sur ma page Facebook\u00a0<a href=\"https:\/\/www.facebook.com\/TGServices06\/\">par ici<\/a><\/p><p>\u00a0<\/p>\t\t\t\t\t\t\t\t<\/div>\n\t\t\t\t\t<\/div>\n\t\t\t\t<\/div>\n\t\t<div class=\"elementor-element elementor-element-f3f3086 e-flex e-con-boxed e-con e-parent\" data-id=\"f3f3086\" data-element_type=\"container\">\n\t\t\t\t\t<div class=\"e-con-inner\">\n\t\t\t\t<div class=\"elementor-element elementor-element-2feaa50 elementor-widget elementor-widget-image\" data-id=\"2feaa50\" data-element_type=\"widget\" data-widget_type=\"image.default\">\n\t\t\t\t\t\t\t\t\t\t\t\t\t\t\t<img fetchpriority=\"high\" decoding=\"async\" width=\"600\" height=\"600\" src=\"https:\/\/tgservices06.com\/wp-content\/uploads\/2025\/10\/IMG_20240410_180740-scaled-e1759911586107-600x600.jpg\" class=\"attachment-ocean-thumb-m size-ocean-thumb-m wp-image-358\" alt=\"conseils\" srcset=\"https:\/\/tgservices06.com\/wp-content\/uploads\/2025\/10\/IMG_20240410_180740-scaled-e1759911586107-600x600.jpg 600w, https:\/\/tgservices06.com\/wp-content\/uploads\/2025\/10\/IMG_20240410_180740-scaled-e1759911586107-150x150.jpg 150w\" sizes=\"(max-width: 600px) 100vw, 600px\" \/>\t\t\t\t\t\t\t\t\t\t\t\t\t\t\t<\/div>\n\t\t\t\t\t<\/div>\n\t\t\t\t<\/div>\n\t\t<div class=\"elementor-element elementor-element-2cda73a e-flex e-con-boxed e-con e-parent\" data-id=\"2cda73a\" data-element_type=\"container\">\n\t\t\t\t\t<div class=\"e-con-inner\">\n\t\t\t\t<div class=\"elementor-element elementor-element-b66547a elementor-widget elementor-widget-heading\" data-id=\"b66547a\" data-element_type=\"widget\" data-widget_type=\"heading.default\">\n\t\t\t\t\t<h2 class=\"elementor-heading-title elementor-size-default\">Conseils plantes<\/h2>\t\t\t\t<\/div>\n\t\t\t\t\t<\/div>\n\t\t\t\t<\/div>\n\t\t<div class=\"elementor-element elementor-element-45fc7e7 e-flex e-con-boxed e-con e-parent\" data-id=\"45fc7e7\" data-element_type=\"container\">\n\t\t\t\t\t<div class=\"e-con-inner\">\n\t\t\t\t<div class=\"elementor-element elementor-element-c4653a5 elementor-widget elementor-widget-text-editor\" data-id=\"c4653a5\" data-element_type=\"widget\" data-widget_type=\"text-editor.default\">\n\t\t\t\t\t\t\t\t\t<p><strong data-start=\"462\" data-end=\"536\">1. Choisissez des plantes m\u00e9diterran\u00e9ennes r\u00e9sistantes \u00e0 la s\u00e9cheresse<\/strong><br data-start=\"536\" data-end=\"539\" \/>Favorisez les plantes comme la <strong data-start=\"570\" data-end=\"581\">lavande<\/strong>, le <strong data-start=\"586\" data-end=\"597\">romarin<\/strong>, le <strong data-start=\"602\" data-end=\"615\">santoline<\/strong>, le <strong data-start=\"620\" data-end=\"628\">thym<\/strong>, ou encore le <strong data-start=\"643\" data-end=\"659\">laurier rose<\/strong> : elles supportent les fortes chaleurs estivales et les gel\u00e9es l\u00e9g\u00e8res jusqu\u2019\u00e0 -10\u00b0C.<\/p><p><strong data-start=\"986\" data-end=\"1062\">2. Plantez au bon moment : automne et printemps sont les saisons id\u00e9ales<\/strong><br data-start=\"1062\" data-end=\"1065\" \/>\u00c0 Saint-C\u00e9zaire, privil\u00e9giez les plantations en <strong data-start=\"1113\" data-end=\"1124\">automne<\/strong> pour permettre un bon enracinement avant l\u2019\u00e9t\u00e9 sec, ou au <strong data-start=\"1183\" data-end=\"1196\">printemps<\/strong> apr\u00e8s les derni\u00e8res gel\u00e9es.<\/p><p>\u00a0<\/p>\t\t\t\t\t\t\t\t<\/div>\n\t\t\t\t\t<\/div>\n\t\t\t\t<\/div>\n\t\t<div class=\"elementor-element elementor-element-dbab5d7 e-flex e-con-boxed e-con e-parent\" data-id=\"dbab5d7\" data-element_type=\"container\">\n\t\t\t\t\t<div class=\"e-con-inner\">\n\t\t\t\t<div class=\"elementor-element elementor-element-a625b2c elementor-widget elementor-widget-heading\" data-id=\"a625b2c\" data-element_type=\"widget\" data-widget_type=\"heading.default\">\n\t\t\t\t\t<h2 class=\"elementor-heading-title elementor-size-default\">Conseils taille arbres et arbustes<\/h2>\t\t\t\t<\/div>\n\t\t\t\t\t<\/div>\n\t\t\t\t<\/div>\n\t\t<div class=\"elementor-element elementor-element-8469941 e-flex e-con-boxed e-con e-parent\" data-id=\"8469941\" data-element_type=\"container\">\n\t\t\t\t\t<div class=\"e-con-inner\">\n\t\t\t\t<div class=\"elementor-element elementor-element-2573814 elementor-widget elementor-widget-text-editor\" data-id=\"2573814\" data-element_type=\"widget\" data-widget_type=\"text-editor.default\">\n\t\t\t\t\t\t\t\t\t<p data-start=\"1280\" data-end=\"1503\"><strong data-start=\"1280\" data-end=\"1340\">1. Taillez vos oliviers en fin d\u2019hiver (f\u00e9vrier \u00e0 avril)<\/strong><br data-start=\"1340\" data-end=\"1343\" \/>La taille a\u00e9r\u00e9e favorise la lumi\u00e8re au c\u0153ur de l\u2019arbre et stimule la production d\u2019olives. Supprimez les branches mortes et celles qui poussent vers l\u2019int\u00e9rieur.<\/p><p data-start=\"1505\" data-end=\"1722\"><strong data-start=\"1505\" data-end=\"1572\">2. Taillez les fruitiers \u00e0 p\u00e9pins (pommiers, poiriers) en hiver<\/strong><br data-start=\"1572\" data-end=\"1575\" \/>En dehors des p\u00e9riodes de gel, effectuez une <strong data-start=\"1620\" data-end=\"1664\">taille de formation ou de fructification<\/strong> pour \u00e9quilibrer la silhouette et am\u00e9liorer la production.<\/p><p data-start=\"1724\" data-end=\"1913\"><strong data-start=\"1724\" data-end=\"1787\">3. Taillez les arbustes \u00e0 floraison estivale en fin d\u2019hiver<\/strong><br data-start=\"1787\" data-end=\"1790\" \/>Le <strong data-start=\"1793\" data-end=\"1809\">laurier-rose<\/strong>, <strong data-start=\"1811\" data-end=\"1823\">buddl\u00e9ia<\/strong>, ou <strong data-start=\"1828\" data-end=\"1838\">alth\u00e9a<\/strong> se taillent en f\u00e9vrier-mars pour favoriser une floraison abondante en \u00e9t\u00e9.<\/p><p data-start=\"1915\" data-end=\"2110\"><strong data-start=\"1915\" data-end=\"1978\">4. Taillez les haies deux fois par an pour un beau maintien<\/strong><br data-start=\"1978\" data-end=\"1981\" \/>Effectuez une premi\u00e8re taille au <strong data-start=\"2014\" data-end=\"2027\">printemps<\/strong> (avril-mai), puis une seconde <b>en octobre<\/b>\u00a0pour garder vos haies nettes et denses.<\/p>\t\t\t\t\t\t\t\t<\/div>\n\t\t\t\t\t<\/div>\n\t\t\t\t<\/div>\n\t\t<div class=\"elementor-element elementor-element-bfa2a4a e-flex e-con-boxed e-con e-parent\" data-id=\"bfa2a4a\" data-element_type=\"container\">\n\t\t\t\t\t<div class=\"e-con-inner\">\n\t\t\t\t<div class=\"elementor-element elementor-element-9762e92 elementor-widget elementor-widget-heading\" data-id=\"9762e92\" data-element_type=\"widget\" data-widget_type=\"heading.default\">\n\t\t\t\t\t<h2 class=\"elementor-heading-title elementor-size-default\">Conseils potager<\/h2>\t\t\t\t<\/div>\n\t\t\t\t\t<\/div>\n\t\t\t\t<\/div>\n\t\t<div class=\"elementor-element elementor-element-43e6490 e-flex e-con-boxed e-con e-parent\" data-id=\"43e6490\" data-element_type=\"container\">\n\t\t\t\t\t<div class=\"e-con-inner\">\n\t\t\t\t<div class=\"elementor-element elementor-element-b472f6a elementor-widget elementor-widget-text-editor\" data-id=\"b472f6a\" data-element_type=\"widget\" data-widget_type=\"text-editor.default\">\n\t\t\t\t\t\t\t\t\t<p data-start=\"2150\" data-end=\"2342\"><strong data-start=\"2150\" data-end=\"2199\">1. Paillez vos cultures pour \u00e9conomiser l\u2019eau<\/strong><br data-start=\"2199\" data-end=\"2202\">En \u00e9t\u00e9, la chaleur est intense. Un bon paillage (paille, feuilles mortes) r\u00e9duit l\u2019\u00e9vaporation, limite les arrosages et prot\u00e8ge le sol.<\/p>\n<p data-start=\"2150\" data-end=\"2342\"><strong data-start=\"2344\" data-end=\"2410\">2. Arrosez t\u00f4t le matin ou en soir\u00e9e pour \u00e9viter l\u2019\u00e9vaporation<\/strong><br data-start=\"2410\" data-end=\"2413\">\u00c0 Saint-C\u00e9zaire, l\u2019arrosage en pleine journ\u00e9e est \u00e0 \u00e9viter. Arrosez profond\u00e9ment et moins souvent pour favoriser l\u2019enracinement.<\/p>\n<p data-start=\"2543\" data-end=\"2760\"><strong data-start=\"2543\" data-end=\"2594\">3. Plantez des l\u00e9gumes r\u00e9sistants \u00e0 la chaleur<\/strong><br data-start=\"2594\" data-end=\"2597\">Les <strong data-start=\"2601\" data-end=\"2612\">tomates<\/strong>, <strong data-start=\"2614\" data-end=\"2628\">aubergines<\/strong>, <strong data-start=\"2630\" data-end=\"2642\">poivrons<\/strong>, <strong data-start=\"2644\" data-end=\"2658\">courgettes<\/strong>&nbsp;appr\u00e9cient le climat local. Pr\u00e9f\u00e9rez les vari\u00e9t\u00e9s locales ou anciennes, mieux adapt\u00e9es.<\/p>\t\t\t\t\t\t\t\t<\/div>\n\t\t\t\t\t<\/div>\n\t\t\t\t<\/div>\n\t\t<div class=\"elementor-element elementor-element-707340a e-flex e-con-boxed e-con e-parent\" data-id=\"707340a\" data-element_type=\"container\">\n\t\t\t\t\t<div class=\"e-con-inner\">\n\t\t\t\t<div class=\"elementor-element elementor-element-2473b2c elementor-widget elementor-widget-heading\" data-id=\"2473b2c\" data-element_type=\"widget\" data-widget_type=\"heading.default\">\n\t\t\t\t\t<h2 class=\"elementor-heading-title elementor-size-default\">Conseils jardinage et entretien<\/h2>\t\t\t\t<\/div>\n\t\t\t\t\t<\/div>\n\t\t\t\t<\/div>\n\t\t<div class=\"elementor-element elementor-element-5875fa4 e-flex e-con-boxed e-con e-parent\" data-id=\"5875fa4\" data-element_type=\"container\">\n\t\t\t\t\t<div class=\"e-con-inner\">\n\t\t\t\t<div class=\"elementor-element elementor-element-2bd8e3a elementor-widget elementor-widget-text-editor\" data-id=\"2bd8e3a\" data-element_type=\"widget\" data-widget_type=\"text-editor.default\">\n\t\t\t\t\t\t\t\t\t<p data-start=\"3258\" data-end=\"3458\"><strong data-start=\"3258\" data-end=\"3333\">1. Compostez vos d\u00e9chets verts pour nourrir naturellement votre jardin<\/strong><br data-start=\"3333\" data-end=\"3336\" \/>Feuilles, \u00e9pluchures, tonte de gazon\u2026 Transformez vos d\u00e9chets en <strong data-start=\"3401\" data-end=\"3419\">compost maison<\/strong> riche, id\u00e9al pour nourrir vos plantes.<\/p><p data-start=\"3460\" data-end=\"3672\"><strong data-start=\"3460\" data-end=\"3518\">2. Favorisez la biodiversit\u00e9 pour un jardin \u00e9quilibr\u00e9<\/strong><br data-start=\"3518\" data-end=\"3521\" \/>Installez des h\u00f4tels \u00e0 insectes, des haies diversifi\u00e9es, ou laissez un coin \u201csauvage\u201d. Cela attire les <strong data-start=\"3624\" data-end=\"3648\">insectes auxiliaires<\/strong> et limite les maladies.<\/p><p data-start=\"3674\" data-end=\"3873\"><strong data-start=\"3674\" data-end=\"3739\">3. Entretenez vos outils r\u00e9guli\u00e8rement pour une taille nette<\/strong><br data-start=\"3739\" data-end=\"3742\" \/>Nettoyez et aff\u00fbtez vos s\u00e9cateurs et taille-haies apr\u00e8s chaque usage pour \u00e9viter la propagation des maladies et faciliter la coupe.<\/p>\t\t\t\t\t\t\t\t<\/div>\n\t\t\t\t\t<\/div>\n\t\t\t\t<\/div>\n\t\t\t\t<\/div>\n\t\t","protected":false},"excerpt":{"rendered":"<p>Conseils et astuces jardinage Voici quelques conseils et astuces jardin que je peux vous transmettre pour un\u00a0 jardin resplendissant. Pour encore plus de conseils et astuces en temps r\u00e9els, rendez-vous sur ma page Facebook\u00a0par ici \u00a0 Conseils plantes 1. Choisissez des plantes m\u00e9diterran\u00e9ennes r\u00e9sistantes \u00e0 la s\u00e9cheresseFavorisez les plantes comme la lavande, le romarin, le [&hellip;]<\/p>\n","protected":false},"author":1,"featured_media":358,"parent":0,"menu_order":0,"comment_status":"closed","ping_status":"closed","template":"","meta":{"footnotes":""},"class_list":["post-241","page","type-page","status-publish","has-post-thumbnail","hentry","entry","has-media"],"yoast_head":"<!-- This site is optimized with the Yoast SEO plugin v25.9 - https:\/\/yoast.com\/wordpress\/plugins\/seo\/ -->\n<title>Conseils -<\/title>\n<meta name=\"description\" content=\"Retrouvez des conseils et astuces jardinage pour un jardin toujours resplendissant \u00e0 Saint Cezaire sur Siagne et alentours\" \/>\n<meta name=\"robots\" content=\"index, follow, max-snippet:-1, max-image-preview:large, max-video-preview:-1\" \/>\n<link rel=\"canonical\" href=\"https:\/\/tgservices06.com\/index.php\/conseils\/\" \/>\n<meta property=\"og:locale\" content=\"fr_FR\" \/>\n<meta property=\"og:type\" content=\"article\" \/>\n<meta property=\"og:title\" content=\"Conseils -\" \/>\n<meta property=\"og:description\" content=\"Retrouvez des conseils et astuces jardinage pour un jardin toujours resplendissant \u00e0 Saint Cezaire sur Siagne et alentours\" \/>\n<meta property=\"og:url\" content=\"https:\/\/tgservices06.com\/index.php\/conseils\/\" \/>\n<meta property=\"article:modified_time\" content=\"2025-10-15T19:20:24+00:00\" \/>\n<meta property=\"og:image\" content=\"https:\/\/tgservices06.com\/wp-content\/uploads\/2025\/10\/IMG_20240410_180740-scaled-e1759911586107.jpg\" \/>\n\t<meta property=\"og:image:width\" content=\"1920\" \/>\n\t<meta property=\"og:image:height\" content=\"2230\" \/>\n\t<meta property=\"og:image:type\" content=\"image\/jpeg\" \/>\n<meta name=\"twitter:card\" content=\"summary_large_image\" \/>\n<meta name=\"twitter:label1\" content=\"Dur\u00e9e de lecture estim\u00e9e\" \/>\n\t<meta name=\"twitter:data1\" content=\"3 minutes\" \/>\n<script type=\"application\/ld+json\" class=\"yoast-schema-graph\">{\"@context\":\"https:\/\/schema.org\",\"@graph\":[{\"@type\":\"WebPage\",\"@id\":\"https:\/\/tgservices06.com\/index.php\/conseils\/\",\"url\":\"https:\/\/tgservices06.com\/index.php\/conseils\/\",\"name\":\"Conseils -\",\"isPartOf\":{\"@id\":\"https:\/\/tgservices06.com\/#website\"},\"primaryImageOfPage\":{\"@id\":\"https:\/\/tgservices06.com\/index.php\/conseils\/#primaryimage\"},\"image\":{\"@id\":\"https:\/\/tgservices06.com\/index.php\/conseils\/#primaryimage\"},\"thumbnailUrl\":\"https:\/\/tgservices06.com\/wp-content\/uploads\/2025\/10\/IMG_20240410_180740-scaled-e1759911586107.jpg\",\"datePublished\":\"2025-09-29T08:34:07+00:00\",\"dateModified\":\"2025-10-15T19:20:24+00:00\",\"description\":\"Retrouvez des conseils et astuces jardinage pour un jardin toujours resplendissant \u00e0 Saint Cezaire sur Siagne et alentours\",\"breadcrumb\":{\"@id\":\"https:\/\/tgservices06.com\/index.php\/conseils\/#breadcrumb\"},\"inLanguage\":\"fr-FR\",\"potentialAction\":[{\"@type\":\"ReadAction\",\"target\":[\"https:\/\/tgservices06.com\/index.php\/conseils\/\"]}]},{\"@type\":\"ImageObject\",\"inLanguage\":\"fr-FR\",\"@id\":\"https:\/\/tgservices06.com\/index.php\/conseils\/#primaryimage\",\"url\":\"https:\/\/tgservices06.com\/wp-content\/uploads\/2025\/10\/IMG_20240410_180740-scaled-e1759911586107.jpg\",\"contentUrl\":\"https:\/\/tgservices06.com\/wp-content\/uploads\/2025\/10\/IMG_20240410_180740-scaled-e1759911586107.jpg\",\"width\":1920,\"height\":2230,\"caption\":\"conseils\"},{\"@type\":\"BreadcrumbList\",\"@id\":\"https:\/\/tgservices06.com\/index.php\/conseils\/#breadcrumb\",\"itemListElement\":[{\"@type\":\"ListItem\",\"position\":1,\"name\":\"Accueil\",\"item\":\"https:\/\/tgservices06.com\/\"},{\"@type\":\"ListItem\",\"position\":2,\"name\":\"Conseils\"}]},{\"@type\":\"WebSite\",\"@id\":\"https:\/\/tgservices06.com\/#website\",\"url\":\"https:\/\/tgservices06.com\/\",\"name\":\"\",\"description\":\"\",\"potentialAction\":[{\"@type\":\"SearchAction\",\"target\":{\"@type\":\"EntryPoint\",\"urlTemplate\":\"https:\/\/tgservices06.com\/?s={search_term_string}\"},\"query-input\":{\"@type\":\"PropertyValueSpecification\",\"valueRequired\":true,\"valueName\":\"search_term_string\"}}],\"inLanguage\":\"fr-FR\"}]}<\/script>\n<!-- \/ Yoast SEO plugin. -->","yoast_head_json":{"title":"Conseils -","description":"Retrouvez des conseils et astuces jardinage pour un jardin toujours resplendissant \u00e0 Saint Cezaire sur Siagne et alentours","robots":{"index":"index","follow":"follow","max-snippet":"max-snippet:-1","max-image-preview":"max-image-preview:large","max-video-preview":"max-video-preview:-1"},"canonical":"https:\/\/tgservices06.com\/index.php\/conseils\/","og_locale":"fr_FR","og_type":"article","og_title":"Conseils -","og_description":"Retrouvez des conseils et astuces jardinage pour un jardin toujours resplendissant \u00e0 Saint Cezaire sur Siagne et alentours","og_url":"https:\/\/tgservices06.com\/index.php\/conseils\/","article_modified_time":"2025-10-15T19:20:24+00:00","og_image":[{"width":1920,"height":2230,"url":"https:\/\/tgservices06.com\/wp-content\/uploads\/2025\/10\/IMG_20240410_180740-scaled-e1759911586107.jpg","type":"image\/jpeg"}],"twitter_card":"summary_large_image","twitter_misc":{"Dur\u00e9e de lecture estim\u00e9e":"3 minutes"},"schema":{"@context":"https:\/\/schema.org","@graph":[{"@type":"WebPage","@id":"https:\/\/tgservices06.com\/index.php\/conseils\/","url":"https:\/\/tgservices06.com\/index.php\/conseils\/","name":"Conseils -","isPartOf":{"@id":"https:\/\/tgservices06.com\/#website"},"primaryImageOfPage":{"@id":"https:\/\/tgservices06.com\/index.php\/conseils\/#primaryimage"},"image":{"@id":"https:\/\/tgservices06.com\/index.php\/conseils\/#primaryimage"},"thumbnailUrl":"https:\/\/tgservices06.com\/wp-content\/uploads\/2025\/10\/IMG_20240410_180740-scaled-e1759911586107.jpg","datePublished":"2025-09-29T08:34:07+00:00","dateModified":"2025-10-15T19:20:24+00:00","description":"Retrouvez des conseils et astuces jardinage pour un jardin toujours resplendissant \u00e0 Saint Cezaire sur Siagne et alentours","breadcrumb":{"@id":"https:\/\/tgservices06.com\/index.php\/conseils\/#breadcrumb"},"inLanguage":"fr-FR","potentialAction":[{"@type":"ReadAction","target":["https:\/\/tgservices06.com\/index.php\/conseils\/"]}]},{"@type":"ImageObject","inLanguage":"fr-FR","@id":"https:\/\/tgservices06.com\/index.php\/conseils\/#primaryimage","url":"https:\/\/tgservices06.com\/wp-content\/uploads\/2025\/10\/IMG_20240410_180740-scaled-e1759911586107.jpg","contentUrl":"https:\/\/tgservices06.com\/wp-content\/uploads\/2025\/10\/IMG_20240410_180740-scaled-e1759911586107.jpg","width":1920,"height":2230,"caption":"conseils"},{"@type":"BreadcrumbList","@id":"https:\/\/tgservices06.com\/index.php\/conseils\/#breadcrumb","itemListElement":[{"@type":"ListItem","position":1,"name":"Accueil","item":"https:\/\/tgservices06.com\/"},{"@type":"ListItem","position":2,"name":"Conseils"}]},{"@type":"WebSite","@id":"https:\/\/tgservices06.com\/#website","url":"https:\/\/tgservices06.com\/","name":"","description":"","potentialAction":[{"@type":"SearchAction","target":{"@type":"EntryPoint","urlTemplate":"https:\/\/tgservices06.com\/?s={search_term_string}"},"query-input":{"@type":"PropertyValueSpecification","valueRequired":true,"valueName":"search_term_string"}}],"inLanguage":"fr-FR"}]}},"_links":{"self":[{"href":"https:\/\/tgservices06.com\/index.php\/wp-json\/wp\/v2\/pages\/241","targetHints":{"allow":["GET"]}}],"collection":[{"href":"https:\/\/tgservices06.com\/index.php\/wp-json\/wp\/v2\/pages"}],"about":[{"href":"https:\/\/tgservices06.com\/index.php\/wp-json\/wp\/v2\/types\/page"}],"author":[{"embeddable":true,"href":"https:\/\/tgservices06.com\/index.php\/wp-json\/wp\/v2\/users\/1"}],"replies":[{"embeddable":true,"href":"https:\/\/tgservices06.com\/index.php\/wp-json\/wp\/v2\/comments?post=241"}],"version-history":[{"count":10,"href":"https:\/\/tgservices06.com\/index.php\/wp-json\/wp\/v2\/pages\/241\/revisions"}],"predecessor-version":[{"id":409,"href":"https:\/\/tgservices06.com\/index.php\/wp-json\/wp\/v2\/pages\/241\/revisions\/409"}],"wp:featuredmedia":[{"embeddable":true,"href":"https:\/\/tgservices06.com\/index.php\/wp-json\/wp\/v2\/media\/358"}],"wp:attachment":[{"href":"https:\/\/tgservices06.com\/index.php\/wp-json\/wp\/v2\/media?parent=241"}],"curies":[{"name":"wp","href":"https:\/\/api.w.org\/{rel}","templated":true}]}}