{"id":237,"date":"2025-09-29T08:24:32","date_gmt":"2025-09-29T08:24:32","guid":{"rendered":"https:\/\/tgservices06.com\/?page_id=237"},"modified":"2025-10-15T19:17:35","modified_gmt":"2025-10-15T19:17:35","slug":"bricolage","status":"publish","type":"page","link":"https:\/\/tgservices06.com\/index.php\/bricolage\/","title":{"rendered":"Bricolage"},"content":{"rendered":"\t\t<div data-elementor-type=\"wp-page\" data-elementor-id=\"237\" class=\"elementor elementor-237\">\n\t\t\t\t<div class=\"elementor-element elementor-element-3ac9330 e-flex e-con-boxed e-con e-parent\" data-id=\"3ac9330\" data-element_type=\"container\">\n\t\t\t\t\t<div class=\"e-con-inner\">\n\t\t\t\t<div class=\"elementor-element elementor-element-e8eb56c elementor-widget elementor-widget-heading\" data-id=\"e8eb56c\" data-element_type=\"widget\" data-widget_type=\"heading.default\">\n\t\t\t\t\t<h1 class=\"elementor-heading-title elementor-size-default\">TG Services et le bricolage<\/h1>\t\t\t\t<\/div>\n\t\t\t\t\t<\/div>\n\t\t\t\t<\/div>\n\t\t<div class=\"elementor-element elementor-element-692202e e-flex e-con-boxed e-con e-parent\" data-id=\"692202e\" data-element_type=\"container\">\n\t\t\t\t\t<div class=\"e-con-inner\">\n\t\t\t\t<div class=\"elementor-element elementor-element-c93873b elementor-widget elementor-widget-image\" data-id=\"c93873b\" data-element_type=\"widget\" data-widget_type=\"image.default\">\n\t\t\t\t\t\t\t\t\t\t\t\t\t\t\t<img fetchpriority=\"high\" decoding=\"async\" width=\"600\" height=\"572\" src=\"https:\/\/tgservices06.com\/wp-content\/uploads\/2025\/10\/Design-sans-titre-47-e1759346368485-600x572.png\" class=\"attachment-ocean-thumb-m size-ocean-thumb-m wp-image-302\" alt=\"bricolage\" \/>\t\t\t\t\t\t\t\t\t\t\t\t\t\t\t<\/div>\n\t\t\t\t\t<\/div>\n\t\t\t\t<\/div>\n\t\t<div class=\"elementor-element elementor-element-eb75f6e e-flex e-con-boxed e-con e-parent\" data-id=\"eb75f6e\" data-element_type=\"container\">\n\t\t\t\t\t<div class=\"e-con-inner\">\n\t\t\t\t<div class=\"elementor-element elementor-element-5c69dda elementor-widget elementor-widget-text-editor\" data-id=\"5c69dda\" data-element_type=\"widget\" data-widget_type=\"text-editor.default\">\n\t\t\t\t\t\t\t\t\t<p>Vous souhaitez faire appel \u00e0 quelqu&rsquo;un de confiance pour des<strong> travaux de bricolage ext\u00e9rieurs<\/strong>, n&rsquo;h\u00e9sitez pas \u00e0 me contacter pour un devis gratuit.<\/p>\t\t\t\t\t\t\t\t<\/div>\n\t\t\t\t\t<\/div>\n\t\t\t\t<\/div>\n\t\t<div class=\"elementor-element elementor-element-9532043 e-flex e-con-boxed e-con e-parent\" data-id=\"9532043\" data-element_type=\"container\">\n\t\t\t\t\t<div class=\"e-con-inner\">\n\t\t\t\t<div class=\"elementor-element elementor-element-e71ae27 elementor-widget elementor-widget-text-editor\" data-id=\"e71ae27\" data-element_type=\"widget\" data-widget_type=\"text-editor.default\">\n\t\t\t\t\t\t\t\t\t<p>Certains<strong> travaux<\/strong> peuvent \u00eatre sous conditions, \u00e9ligible au cr\u00e9dit d&rsquo;imp\u00f4ts. Pour savoir si vous y avez droit et le montant des plafonds,\u00a0<a href=\"https:\/\/tgservices06.com\/index.php\/services-personne\/\">cliquez ici<\/a><\/p>\t\t\t\t\t\t\t\t<\/div>\n\t\t\t\t\t<\/div>\n\t\t\t\t<\/div>\n\t\t<div class=\"elementor-element elementor-element-6c73f5d e-flex e-con-boxed e-con e-parent\" data-id=\"6c73f5d\" data-element_type=\"container\">\n\t\t\t\t\t<div class=\"e-con-inner\">\n\t\t\t\t<div class=\"elementor-element elementor-element-1e5b2b3 elementor-widget elementor-widget-heading\" data-id=\"1e5b2b3\" data-element_type=\"widget\" data-widget_type=\"heading.default\">\n\t\t\t\t\t<h2 class=\"elementor-heading-title elementor-size-default\">Les Services<\/h2>\t\t\t\t<\/div>\n\t\t\t\t\t<\/div>\n\t\t\t\t<\/div>\n\t\t<div class=\"elementor-element elementor-element-d3ff80b e-flex e-con-boxed e-con e-parent\" data-id=\"d3ff80b\" data-element_type=\"container\">\n\t\t\t\t\t<div class=\"e-con-inner\">\n\t\t\t\t<div class=\"elementor-element elementor-element-1959126 elementor-widget elementor-widget-text-editor\" data-id=\"1959126\" data-element_type=\"widget\" data-widget_type=\"text-editor.default\">\n\t\t\t\t\t\t\t\t\t<p>Vous ne disposez pas du mat\u00e9riel n\u00e9cessaire afin de r\u00e9alisez vos travaux. Vous ne savez pas par o\u00f9 commencer. Vous n&rsquo;\u00eates pas en mesure de pouvoir faire du bricolage chez vous.<\/p>\t\t\t\t\t\t\t\t<\/div>\n\t\t\t\t\t<\/div>\n\t\t\t\t<\/div>\n\t\t<div class=\"elementor-element elementor-element-b2188ee e-flex e-con-boxed e-con e-parent\" data-id=\"b2188ee\" data-element_type=\"container\">\n\t\t\t\t\t<div class=\"e-con-inner\">\n\t\t\t\t<div class=\"elementor-element elementor-element-e4c6f99 elementor-widget elementor-widget-text-editor\" data-id=\"e4c6f99\" data-element_type=\"widget\" data-widget_type=\"text-editor.default\">\n\t\t\t\t\t\t\t\t\t<p>TG Services est la solution, que ce soit pour :<\/p><ul><li>r\u00e9paration d&rsquo;un portail,<\/li><li>la r\u00e9paration d&rsquo;un mur en pierres,<\/li><li>le nettoyage d&rsquo;une terrasse ou d&rsquo;un mur,<\/li><li>r\u00e9paration de terrasses,<\/li><li>peinture, etc<\/li><\/ul>\t\t\t\t\t\t\t\t<\/div>\n\t\t\t\t\t<\/div>\n\t\t\t\t<\/div>\n\t\t\t\t<\/div>\n\t\t","protected":false},"excerpt":{"rendered":"<p>TG Services et le bricolage Vous souhaitez faire appel \u00e0 quelqu&rsquo;un de confiance pour des travaux de bricolage ext\u00e9rieurs, n&rsquo;h\u00e9sitez pas \u00e0 me contacter pour un devis gratuit. Certains travaux peuvent \u00eatre sous conditions, \u00e9ligible au cr\u00e9dit d&rsquo;imp\u00f4ts. Pour savoir si vous y avez droit et le montant des plafonds,\u00a0cliquez ici Les Services Vous ne [&hellip;]<\/p>\n","protected":false},"author":1,"featured_media":302,"parent":0,"menu_order":0,"comment_status":"closed","ping_status":"closed","template":"","meta":{"footnotes":""},"class_list":["post-237","page","type-page","status-publish","has-post-thumbnail","hentry","entry","has-media"],"yoast_head":"<!-- This site is optimized with the Yoast SEO plugin v25.9 - https:\/\/yoast.com\/wordpress\/plugins\/seo\/ -->\n<title>Bricolage -<\/title>\n<meta name=\"description\" content=\"Pour la r\u00e9alisations de vos travaux de bricolage, r\u00e9paration de mur en pierres et autres, TG Services est l\u00e0 pour vous\" \/>\n<meta name=\"robots\" content=\"index, follow, max-snippet:-1, max-image-preview:large, max-video-preview:-1\" \/>\n<link rel=\"canonical\" href=\"https:\/\/tgservices06.com\/index.php\/bricolage\/\" \/>\n<meta property=\"og:locale\" content=\"fr_FR\" \/>\n<meta property=\"og:type\" content=\"article\" \/>\n<meta property=\"og:title\" content=\"Bricolage -\" \/>\n<meta property=\"og:description\" content=\"Pour la r\u00e9alisations de vos travaux de bricolage, r\u00e9paration de mur en pierres et autres, TG Services est l\u00e0 pour vous\" \/>\n<meta property=\"og:url\" content=\"https:\/\/tgservices06.com\/index.php\/bricolage\/\" \/>\n<meta property=\"article:modified_time\" content=\"2025-10-15T19:17:35+00:00\" \/>\n<meta property=\"og:image\" content=\"https:\/\/tgservices06.com\/wp-content\/uploads\/2025\/10\/Design-sans-titre-47-e1759346368485.png\" \/>\n\t<meta property=\"og:image:width\" content=\"860\" \/>\n\t<meta property=\"og:image:height\" content=\"572\" \/>\n\t<meta property=\"og:image:type\" content=\"image\/png\" \/>\n<meta name=\"twitter:card\" content=\"summary_large_image\" \/>\n<meta name=\"twitter:label1\" content=\"Dur\u00e9e de lecture estim\u00e9e\" \/>\n\t<meta name=\"twitter:data1\" content=\"1 minute\" \/>\n<script type=\"application\/ld+json\" class=\"yoast-schema-graph\">{\"@context\":\"https:\/\/schema.org\",\"@graph\":[{\"@type\":\"WebPage\",\"@id\":\"https:\/\/tgservices06.com\/index.php\/bricolage\/\",\"url\":\"https:\/\/tgservices06.com\/index.php\/bricolage\/\",\"name\":\"Bricolage -\",\"isPartOf\":{\"@id\":\"https:\/\/tgservices06.com\/#website\"},\"primaryImageOfPage\":{\"@id\":\"https:\/\/tgservices06.com\/index.php\/bricolage\/#primaryimage\"},\"image\":{\"@id\":\"https:\/\/tgservices06.com\/index.php\/bricolage\/#primaryimage\"},\"thumbnailUrl\":\"https:\/\/tgservices06.com\/wp-content\/uploads\/2025\/10\/Design-sans-titre-47-e1759346368485.png\",\"datePublished\":\"2025-09-29T08:24:32+00:00\",\"dateModified\":\"2025-10-15T19:17:35+00:00\",\"description\":\"Pour la r\u00e9alisations de vos travaux de bricolage, r\u00e9paration de mur en pierres et autres, TG Services est l\u00e0 pour vous\",\"breadcrumb\":{\"@id\":\"https:\/\/tgservices06.com\/index.php\/bricolage\/#breadcrumb\"},\"inLanguage\":\"fr-FR\",\"potentialAction\":[{\"@type\":\"ReadAction\",\"target\":[\"https:\/\/tgservices06.com\/index.php\/bricolage\/\"]}]},{\"@type\":\"ImageObject\",\"inLanguage\":\"fr-FR\",\"@id\":\"https:\/\/tgservices06.com\/index.php\/bricolage\/#primaryimage\",\"url\":\"https:\/\/tgservices06.com\/wp-content\/uploads\/2025\/10\/Design-sans-titre-47-e1759346368485.png\",\"contentUrl\":\"https:\/\/tgservices06.com\/wp-content\/uploads\/2025\/10\/Design-sans-titre-47-e1759346368485.png\",\"width\":860,\"height\":572,\"caption\":\"bricolage\"},{\"@type\":\"BreadcrumbList\",\"@id\":\"https:\/\/tgservices06.com\/index.php\/bricolage\/#breadcrumb\",\"itemListElement\":[{\"@type\":\"ListItem\",\"position\":1,\"name\":\"Accueil\",\"item\":\"https:\/\/tgservices06.com\/\"},{\"@type\":\"ListItem\",\"position\":2,\"name\":\"Bricolage\"}]},{\"@type\":\"WebSite\",\"@id\":\"https:\/\/tgservices06.com\/#website\",\"url\":\"https:\/\/tgservices06.com\/\",\"name\":\"\",\"description\":\"\",\"potentialAction\":[{\"@type\":\"SearchAction\",\"target\":{\"@type\":\"EntryPoint\",\"urlTemplate\":\"https:\/\/tgservices06.com\/?s={search_term_string}\"},\"query-input\":{\"@type\":\"PropertyValueSpecification\",\"valueRequired\":true,\"valueName\":\"search_term_string\"}}],\"inLanguage\":\"fr-FR\"}]}<\/script>\n<!-- \/ Yoast SEO plugin. -->","yoast_head_json":{"title":"Bricolage -","description":"Pour la r\u00e9alisations de vos travaux de bricolage, r\u00e9paration de mur en pierres et autres, TG Services est l\u00e0 pour vous","robots":{"index":"index","follow":"follow","max-snippet":"max-snippet:-1","max-image-preview":"max-image-preview:large","max-video-preview":"max-video-preview:-1"},"canonical":"https:\/\/tgservices06.com\/index.php\/bricolage\/","og_locale":"fr_FR","og_type":"article","og_title":"Bricolage -","og_description":"Pour la r\u00e9alisations de vos travaux de bricolage, r\u00e9paration de mur en pierres et autres, TG Services est l\u00e0 pour vous","og_url":"https:\/\/tgservices06.com\/index.php\/bricolage\/","article_modified_time":"2025-10-15T19:17:35+00:00","og_image":[{"width":860,"height":572,"url":"https:\/\/tgservices06.com\/wp-content\/uploads\/2025\/10\/Design-sans-titre-47-e1759346368485.png","type":"image\/png"}],"twitter_card":"summary_large_image","twitter_misc":{"Dur\u00e9e de lecture estim\u00e9e":"1 minute"},"schema":{"@context":"https:\/\/schema.org","@graph":[{"@type":"WebPage","@id":"https:\/\/tgservices06.com\/index.php\/bricolage\/","url":"https:\/\/tgservices06.com\/index.php\/bricolage\/","name":"Bricolage -","isPartOf":{"@id":"https:\/\/tgservices06.com\/#website"},"primaryImageOfPage":{"@id":"https:\/\/tgservices06.com\/index.php\/bricolage\/#primaryimage"},"image":{"@id":"https:\/\/tgservices06.com\/index.php\/bricolage\/#primaryimage"},"thumbnailUrl":"https:\/\/tgservices06.com\/wp-content\/uploads\/2025\/10\/Design-sans-titre-47-e1759346368485.png","datePublished":"2025-09-29T08:24:32+00:00","dateModified":"2025-10-15T19:17:35+00:00","description":"Pour la r\u00e9alisations de vos travaux de bricolage, r\u00e9paration de mur en pierres et autres, TG Services est l\u00e0 pour vous","breadcrumb":{"@id":"https:\/\/tgservices06.com\/index.php\/bricolage\/#breadcrumb"},"inLanguage":"fr-FR","potentialAction":[{"@type":"ReadAction","target":["https:\/\/tgservices06.com\/index.php\/bricolage\/"]}]},{"@type":"ImageObject","inLanguage":"fr-FR","@id":"https:\/\/tgservices06.com\/index.php\/bricolage\/#primaryimage","url":"https:\/\/tgservices06.com\/wp-content\/uploads\/2025\/10\/Design-sans-titre-47-e1759346368485.png","contentUrl":"https:\/\/tgservices06.com\/wp-content\/uploads\/2025\/10\/Design-sans-titre-47-e1759346368485.png","width":860,"height":572,"caption":"bricolage"},{"@type":"BreadcrumbList","@id":"https:\/\/tgservices06.com\/index.php\/bricolage\/#breadcrumb","itemListElement":[{"@type":"ListItem","position":1,"name":"Accueil","item":"https:\/\/tgservices06.com\/"},{"@type":"ListItem","position":2,"name":"Bricolage"}]},{"@type":"WebSite","@id":"https:\/\/tgservices06.com\/#website","url":"https:\/\/tgservices06.com\/","name":"","description":"","potentialAction":[{"@type":"SearchAction","target":{"@type":"EntryPoint","urlTemplate":"https:\/\/tgservices06.com\/?s={search_term_string}"},"query-input":{"@type":"PropertyValueSpecification","valueRequired":true,"valueName":"search_term_string"}}],"inLanguage":"fr-FR"}]}},"_links":{"self":[{"href":"https:\/\/tgservices06.com\/index.php\/wp-json\/wp\/v2\/pages\/237","targetHints":{"allow":["GET"]}}],"collection":[{"href":"https:\/\/tgservices06.com\/index.php\/wp-json\/wp\/v2\/pages"}],"about":[{"href":"https:\/\/tgservices06.com\/index.php\/wp-json\/wp\/v2\/types\/page"}],"author":[{"embeddable":true,"href":"https:\/\/tgservices06.com\/index.php\/wp-json\/wp\/v2\/users\/1"}],"replies":[{"embeddable":true,"href":"https:\/\/tgservices06.com\/index.php\/wp-json\/wp\/v2\/comments?post=237"}],"version-history":[{"count":14,"href":"https:\/\/tgservices06.com\/index.php\/wp-json\/wp\/v2\/pages\/237\/revisions"}],"predecessor-version":[{"id":405,"href":"https:\/\/tgservices06.com\/index.php\/wp-json\/wp\/v2\/pages\/237\/revisions\/405"}],"wp:featuredmedia":[{"embeddable":true,"href":"https:\/\/tgservices06.com\/index.php\/wp-json\/wp\/v2\/media\/302"}],"wp:attachment":[{"href":"https:\/\/tgservices06.com\/index.php\/wp-json\/wp\/v2\/media?parent=237"}],"curies":[{"name":"wp","href":"https:\/\/api.w.org\/{rel}","templated":true}]}}