{"id":235,"date":"2025-09-29T08:20:48","date_gmt":"2025-09-29T08:20:48","guid":{"rendered":"https:\/\/tgservices06.com\/?page_id=235"},"modified":"2025-10-15T19:23:58","modified_gmt":"2025-10-15T19:23:58","slug":"jardin","status":"publish","type":"page","link":"https:\/\/tgservices06.com\/index.php\/jardin\/","title":{"rendered":"Jardin"},"content":{"rendered":"\t\t<div data-elementor-type=\"wp-page\" data-elementor-id=\"235\" class=\"elementor elementor-235\">\n\t\t\t\t<div class=\"elementor-element elementor-element-8227a0a e-flex e-con-boxed e-con e-parent\" data-id=\"8227a0a\" data-element_type=\"container\">\n\t\t\t\t\t<div class=\"e-con-inner\">\n\t\t\t\t<div class=\"elementor-element elementor-element-7908e7c elementor-widget elementor-widget-image\" data-id=\"7908e7c\" data-element_type=\"widget\" data-widget_type=\"image.default\">\n\t\t\t\t\t\t\t\t\t\t\t\t\t\t\t<img fetchpriority=\"high\" decoding=\"async\" width=\"600\" height=\"600\" src=\"https:\/\/tgservices06.com\/wp-content\/uploads\/2025\/09\/IMG_20250929_110720-scaled-e1759139910932-600x600.jpg\" class=\"attachment-ocean-thumb-m size-ocean-thumb-m wp-image-275\" alt=\"jardin\" srcset=\"https:\/\/tgservices06.com\/wp-content\/uploads\/2025\/09\/IMG_20250929_110720-scaled-e1759139910932-600x600.jpg 600w, https:\/\/tgservices06.com\/wp-content\/uploads\/2025\/09\/IMG_20250929_110720-scaled-e1759139910932-150x150.jpg 150w\" sizes=\"(max-width: 600px) 100vw, 600px\" \/>\t\t\t\t\t\t\t\t\t\t\t\t\t\t\t<\/div>\n\t\t\t\t\t<\/div>\n\t\t\t\t<\/div>\n\t\t<div class=\"elementor-element elementor-element-6850c15 e-flex e-con-boxed e-con e-parent\" data-id=\"6850c15\" data-element_type=\"container\">\n\t\t\t\t\t<div class=\"e-con-inner\">\n\t\t\t\t<div class=\"elementor-element elementor-element-12db268 elementor-widget elementor-widget-heading\" data-id=\"12db268\" data-element_type=\"widget\" data-widget_type=\"heading.default\">\n\t\t\t\t\t<h1 class=\"elementor-heading-title elementor-size-default\">TG Services et le jardin<\/h1>\t\t\t\t<\/div>\n\t\t\t\t\t<\/div>\n\t\t\t\t<\/div>\n\t\t<div class=\"elementor-element elementor-element-ac69649 e-flex e-con-boxed e-con e-parent\" data-id=\"ac69649\" data-element_type=\"container\">\n\t\t\t\t\t<div class=\"e-con-inner\">\n\t\t\t\t<div class=\"elementor-element elementor-element-7b77570 elementor-widget elementor-widget-text-editor\" data-id=\"7b77570\" data-element_type=\"widget\" data-widget_type=\"text-editor.default\">\n\t\t\t\t\t\t\t\t\t<p>Vous souhaitez faire <strong>entretenir votre jardin \u00e0 Saint Cezaire sur Siagne et ses alentours<\/strong>, fa\u00eete appel \u00e0 TG Services.<\/p>\t\t\t\t\t\t\t\t<\/div>\n\t\t\t\t<div class=\"elementor-element elementor-element-e52c2be elementor-widget elementor-widget-text-editor\" data-id=\"e52c2be\" data-element_type=\"widget\" data-widget_type=\"text-editor.default\">\n\t\t\t\t\t\t\t\t\t<p>Je vous propose mes services en tant que <strong>jardinier en services \u00e0 la personne<\/strong> sur les communes de :<\/p><ul><li>Saint Cezaire sur Siagne,\u00a0<\/li><li>Le Tignet,<\/li><li>Sp\u00e9rac\u00e9d\u00e8s,<\/li><li>Cabris,<\/li><li>Saint Vallier de Thiey,<\/li><li>Peymeinade,<\/li><li>Grasse,<\/li><li>Montauroux.<\/li><\/ul>\t\t\t\t\t\t\t\t<\/div>\n\t\t\t\t\t<\/div>\n\t\t\t\t<\/div>\n\t\t<div class=\"elementor-element elementor-element-5afaac4 e-flex e-con-boxed e-con e-parent\" data-id=\"5afaac4\" data-element_type=\"container\">\n\t\t\t\t\t<div class=\"e-con-inner\">\n\t\t\t\t<div class=\"elementor-element elementor-element-03d4b0d elementor-widget elementor-widget-heading\" data-id=\"03d4b0d\" data-element_type=\"widget\" data-widget_type=\"heading.default\">\n\t\t\t\t\t<h2 class=\"elementor-heading-title elementor-size-default\">Les services<\/h2>\t\t\t\t<\/div>\n\t\t\t\t\t<\/div>\n\t\t\t\t<\/div>\n\t\t<div class=\"elementor-element elementor-element-30790e1 e-flex e-con-boxed e-con e-parent\" data-id=\"30790e1\" data-element_type=\"container\">\n\t\t\t\t\t<div class=\"e-con-inner\">\n\t\t\t\t\t<\/div>\n\t\t\t\t<\/div>\n\t\t<div class=\"elementor-element elementor-element-f0fb11b e-flex e-con-boxed e-con e-parent\" data-id=\"f0fb11b\" data-element_type=\"container\">\n\t\t\t\t\t<div class=\"e-con-inner\">\n\t\t\t\t<div class=\"elementor-element elementor-element-11a301e elementor-widget elementor-widget-text-editor\" data-id=\"11a301e\" data-element_type=\"widget\" data-widget_type=\"text-editor.default\">\n\t\t\t\t\t\t\t\t\t<p>Qu&rsquo;il s&rsquo;agisse d&rsquo;un <strong>entretien de jardin<\/strong> ponctuel ou r\u00e9gulier, b\u00e9n\u00e9ficiez d&rsquo;un devis gratuit.<\/p>\t\t\t\t\t\t\t\t<\/div>\n\t\t\t\t\t<\/div>\n\t\t\t\t<\/div>\n\t\t<div class=\"elementor-element elementor-element-d104f07 e-flex e-con-boxed e-con e-parent\" data-id=\"d104f07\" data-element_type=\"container\">\n\t\t\t\t\t<div class=\"e-con-inner\">\n\t\t\t\t<div class=\"elementor-element elementor-element-d1fbb77 elementor-widget elementor-widget-text-editor\" data-id=\"d1fbb77\" data-element_type=\"widget\" data-widget_type=\"text-editor.default\">\n\t\t\t\t\t\t\t\t\t<p><strong>L&rsquo;entretien de jardin<\/strong> peut s&rsquo;av\u00e9rer difficile voire contraignant si vous n&rsquo;avez pas la main verte, si vous ne disposez pas du mat\u00e9riel n\u00e9cessaire ou tout simplement si vous n&rsquo;avez pas le temps de vous en occuper.<\/p>\t\t\t\t\t\t\t\t<\/div>\n\t\t\t\t\t<\/div>\n\t\t\t\t<\/div>\n\t\t<div class=\"elementor-element elementor-element-b273a8d e-flex e-con-boxed e-con e-parent\" data-id=\"b273a8d\" data-element_type=\"container\">\n\t\t\t\t\t<div class=\"e-con-inner\">\n\t\t\t\t<div class=\"elementor-element elementor-element-25e1418 elementor-widget elementor-widget-text-editor\" data-id=\"25e1418\" data-element_type=\"widget\" data-widget_type=\"text-editor.default\">\n\t\t\t\t\t\t\t\t\t<p>C&rsquo;est pour toutes ces raisons, que je vous propose mes services pour :<\/p><ul><li>le d\u00e9broussaillage,\u00a0<\/li><li>la taille de haies, fruitiers, rosiers, oliviers<\/li><li>la tonte de pelouse,<\/li><li>le d\u00e9sherbage,\u00a0<\/li><li>la scarification de pelouse,<\/li><li>la taille d&rsquo;arbres et arbustes,<\/li><li>l&rsquo;application d&rsquo;engrais,\u00a0<\/li><li>l&rsquo;entretien et le nettoyage des massifs,<\/li><li>le nettoyage de terrasses et all\u00e9es,<\/li><li>l&rsquo;entretien des abords de piscine,&#8230;<\/li><\/ul>\t\t\t\t\t\t\t\t<\/div>\n\t\t\t\t\t<\/div>\n\t\t\t\t<\/div>\n\t\t<div class=\"elementor-element elementor-element-7e6b688 e-flex e-con-boxed e-con e-parent\" data-id=\"7e6b688\" data-element_type=\"container\">\n\t\t\t\t\t<div class=\"e-con-inner\">\n\t\t\t\t<div class=\"elementor-element elementor-element-f1d58a3 elementor-widget elementor-widget-text-editor\" data-id=\"f1d58a3\" data-element_type=\"widget\" data-widget_type=\"text-editor.default\">\n\t\t\t\t\t\t\t\t\t<p>Vous trouverez des exemples de tailles d&rsquo;arbres, de haies, de petits massifs et d&rsquo;arbustes\u00a0<a href=\"https:\/\/tgservices06.com\/index.php\/galerie\/\">en cliquant ici<\/a><\/p>\t\t\t\t\t\t\t\t<\/div>\n\t\t\t\t\t<\/div>\n\t\t\t\t<\/div>\n\t\t<div class=\"elementor-element elementor-element-e471100 e-flex e-con-boxed e-con e-parent\" data-id=\"e471100\" data-element_type=\"container\">\n\t\t\t\t\t<div class=\"e-con-inner\">\n\t\t\t\t<div class=\"elementor-element elementor-element-5457e17 elementor-widget elementor-widget-text-editor\" data-id=\"5457e17\" data-element_type=\"widget\" data-widget_type=\"text-editor.default\">\n\t\t\t\t\t\t\t\t\t<p>Si vous avez \u00e9galement besoin de <strong>petits travaux de bricolage,<\/strong> n&rsquo;h\u00e9sitez pas \u00e0 me contacter. Ce service, sous condition est \u00e9galement \u00e9ligible aux 50% cr\u00e9dit d&rsquo;imp\u00f4ts.<\/p>\t\t\t\t\t\t\t\t<\/div>\n\t\t\t\t\t<\/div>\n\t\t\t\t<\/div>\n\t\t\t\t<\/div>\n\t\t","protected":false},"excerpt":{"rendered":"<p>TG Services et le jardin Vous souhaitez faire entretenir votre jardin \u00e0 Saint Cezaire sur Siagne et ses alentours, fa\u00eete appel \u00e0 TG Services. Je vous propose mes services en tant que jardinier en services \u00e0 la personne sur les communes de : Saint Cezaire sur Siagne,\u00a0 Le Tignet, Sp\u00e9rac\u00e9d\u00e8s, Cabris, Saint Vallier de Thiey, [&hellip;]<\/p>\n","protected":false},"author":1,"featured_media":337,"parent":0,"menu_order":0,"comment_status":"closed","ping_status":"closed","template":"","meta":{"footnotes":""},"class_list":["post-235","page","type-page","status-publish","has-post-thumbnail","hentry","entry","has-media"],"yoast_head":"<!-- This site is optimized with the Yoast SEO plugin v25.9 - https:\/\/yoast.com\/wordpress\/plugins\/seo\/ -->\n<title>Jardin -<\/title>\n<meta name=\"description\" content=\"Ayez un jardin toujours impeccable \u00e0 Saint Cezaire sur Siagne avec un entretien de jardin r\u00e9gulier ou ponctuel r\u00e9alis\u00e9 par TG Services\" \/>\n<meta name=\"robots\" content=\"index, follow, max-snippet:-1, max-image-preview:large, max-video-preview:-1\" \/>\n<link rel=\"canonical\" href=\"https:\/\/tgservices06.com\/index.php\/jardin\/\" \/>\n<meta property=\"og:locale\" content=\"fr_FR\" \/>\n<meta property=\"og:type\" content=\"article\" \/>\n<meta property=\"og:title\" content=\"Jardin -\" \/>\n<meta property=\"og:description\" content=\"Ayez un jardin toujours impeccable \u00e0 Saint Cezaire sur Siagne avec un entretien de jardin r\u00e9gulier ou ponctuel r\u00e9alis\u00e9 par TG Services\" \/>\n<meta property=\"og:url\" content=\"https:\/\/tgservices06.com\/index.php\/jardin\/\" \/>\n<meta property=\"article:modified_time\" content=\"2025-10-15T19:23:58+00:00\" \/>\n<meta property=\"og:image\" content=\"https:\/\/tgservices06.com\/wp-content\/uploads\/2025\/10\/IMG_20240503_113057-scaled.jpg\" \/>\n\t<meta property=\"og:image:width\" content=\"1920\" \/>\n\t<meta property=\"og:image:height\" content=\"2560\" \/>\n\t<meta property=\"og:image:type\" content=\"image\/jpeg\" \/>\n<meta name=\"twitter:card\" content=\"summary_large_image\" \/>\n<meta name=\"twitter:label1\" content=\"Dur\u00e9e de lecture estim\u00e9e\" \/>\n\t<meta name=\"twitter:data1\" content=\"2 minutes\" \/>\n<script type=\"application\/ld+json\" class=\"yoast-schema-graph\">{\"@context\":\"https:\/\/schema.org\",\"@graph\":[{\"@type\":\"WebPage\",\"@id\":\"https:\/\/tgservices06.com\/index.php\/jardin\/\",\"url\":\"https:\/\/tgservices06.com\/index.php\/jardin\/\",\"name\":\"Jardin -\",\"isPartOf\":{\"@id\":\"https:\/\/tgservices06.com\/#website\"},\"primaryImageOfPage\":{\"@id\":\"https:\/\/tgservices06.com\/index.php\/jardin\/#primaryimage\"},\"image\":{\"@id\":\"https:\/\/tgservices06.com\/index.php\/jardin\/#primaryimage\"},\"thumbnailUrl\":\"https:\/\/tgservices06.com\/wp-content\/uploads\/2025\/10\/IMG_20240503_113057-scaled.jpg\",\"datePublished\":\"2025-09-29T08:20:48+00:00\",\"dateModified\":\"2025-10-15T19:23:58+00:00\",\"description\":\"Ayez un jardin toujours impeccable \u00e0 Saint Cezaire sur Siagne avec un entretien de jardin r\u00e9gulier ou ponctuel r\u00e9alis\u00e9 par TG Services\",\"breadcrumb\":{\"@id\":\"https:\/\/tgservices06.com\/index.php\/jardin\/#breadcrumb\"},\"inLanguage\":\"fr-FR\",\"potentialAction\":[{\"@type\":\"ReadAction\",\"target\":[\"https:\/\/tgservices06.com\/index.php\/jardin\/\"]}]},{\"@type\":\"ImageObject\",\"inLanguage\":\"fr-FR\",\"@id\":\"https:\/\/tgservices06.com\/index.php\/jardin\/#primaryimage\",\"url\":\"https:\/\/tgservices06.com\/wp-content\/uploads\/2025\/10\/IMG_20240503_113057-scaled.jpg\",\"contentUrl\":\"https:\/\/tgservices06.com\/wp-content\/uploads\/2025\/10\/IMG_20240503_113057-scaled.jpg\",\"width\":1920,\"height\":2560,\"caption\":\"entretien-de-jardin\"},{\"@type\":\"BreadcrumbList\",\"@id\":\"https:\/\/tgservices06.com\/index.php\/jardin\/#breadcrumb\",\"itemListElement\":[{\"@type\":\"ListItem\",\"position\":1,\"name\":\"Accueil\",\"item\":\"https:\/\/tgservices06.com\/\"},{\"@type\":\"ListItem\",\"position\":2,\"name\":\"Jardin\"}]},{\"@type\":\"WebSite\",\"@id\":\"https:\/\/tgservices06.com\/#website\",\"url\":\"https:\/\/tgservices06.com\/\",\"name\":\"\",\"description\":\"\",\"potentialAction\":[{\"@type\":\"SearchAction\",\"target\":{\"@type\":\"EntryPoint\",\"urlTemplate\":\"https:\/\/tgservices06.com\/?s={search_term_string}\"},\"query-input\":{\"@type\":\"PropertyValueSpecification\",\"valueRequired\":true,\"valueName\":\"search_term_string\"}}],\"inLanguage\":\"fr-FR\"}]}<\/script>\n<!-- \/ Yoast SEO plugin. -->","yoast_head_json":{"title":"Jardin -","description":"Ayez un jardin toujours impeccable \u00e0 Saint Cezaire sur Siagne avec un entretien de jardin r\u00e9gulier ou ponctuel r\u00e9alis\u00e9 par TG Services","robots":{"index":"index","follow":"follow","max-snippet":"max-snippet:-1","max-image-preview":"max-image-preview:large","max-video-preview":"max-video-preview:-1"},"canonical":"https:\/\/tgservices06.com\/index.php\/jardin\/","og_locale":"fr_FR","og_type":"article","og_title":"Jardin -","og_description":"Ayez un jardin toujours impeccable \u00e0 Saint Cezaire sur Siagne avec un entretien de jardin r\u00e9gulier ou ponctuel r\u00e9alis\u00e9 par TG Services","og_url":"https:\/\/tgservices06.com\/index.php\/jardin\/","article_modified_time":"2025-10-15T19:23:58+00:00","og_image":[{"width":1920,"height":2560,"url":"https:\/\/tgservices06.com\/wp-content\/uploads\/2025\/10\/IMG_20240503_113057-scaled.jpg","type":"image\/jpeg"}],"twitter_card":"summary_large_image","twitter_misc":{"Dur\u00e9e de lecture estim\u00e9e":"2 minutes"},"schema":{"@context":"https:\/\/schema.org","@graph":[{"@type":"WebPage","@id":"https:\/\/tgservices06.com\/index.php\/jardin\/","url":"https:\/\/tgservices06.com\/index.php\/jardin\/","name":"Jardin -","isPartOf":{"@id":"https:\/\/tgservices06.com\/#website"},"primaryImageOfPage":{"@id":"https:\/\/tgservices06.com\/index.php\/jardin\/#primaryimage"},"image":{"@id":"https:\/\/tgservices06.com\/index.php\/jardin\/#primaryimage"},"thumbnailUrl":"https:\/\/tgservices06.com\/wp-content\/uploads\/2025\/10\/IMG_20240503_113057-scaled.jpg","datePublished":"2025-09-29T08:20:48+00:00","dateModified":"2025-10-15T19:23:58+00:00","description":"Ayez un jardin toujours impeccable \u00e0 Saint Cezaire sur Siagne avec un entretien de jardin r\u00e9gulier ou ponctuel r\u00e9alis\u00e9 par TG Services","breadcrumb":{"@id":"https:\/\/tgservices06.com\/index.php\/jardin\/#breadcrumb"},"inLanguage":"fr-FR","potentialAction":[{"@type":"ReadAction","target":["https:\/\/tgservices06.com\/index.php\/jardin\/"]}]},{"@type":"ImageObject","inLanguage":"fr-FR","@id":"https:\/\/tgservices06.com\/index.php\/jardin\/#primaryimage","url":"https:\/\/tgservices06.com\/wp-content\/uploads\/2025\/10\/IMG_20240503_113057-scaled.jpg","contentUrl":"https:\/\/tgservices06.com\/wp-content\/uploads\/2025\/10\/IMG_20240503_113057-scaled.jpg","width":1920,"height":2560,"caption":"entretien-de-jardin"},{"@type":"BreadcrumbList","@id":"https:\/\/tgservices06.com\/index.php\/jardin\/#breadcrumb","itemListElement":[{"@type":"ListItem","position":1,"name":"Accueil","item":"https:\/\/tgservices06.com\/"},{"@type":"ListItem","position":2,"name":"Jardin"}]},{"@type":"WebSite","@id":"https:\/\/tgservices06.com\/#website","url":"https:\/\/tgservices06.com\/","name":"","description":"","potentialAction":[{"@type":"SearchAction","target":{"@type":"EntryPoint","urlTemplate":"https:\/\/tgservices06.com\/?s={search_term_string}"},"query-input":{"@type":"PropertyValueSpecification","valueRequired":true,"valueName":"search_term_string"}}],"inLanguage":"fr-FR"}]}},"_links":{"self":[{"href":"https:\/\/tgservices06.com\/index.php\/wp-json\/wp\/v2\/pages\/235","targetHints":{"allow":["GET"]}}],"collection":[{"href":"https:\/\/tgservices06.com\/index.php\/wp-json\/wp\/v2\/pages"}],"about":[{"href":"https:\/\/tgservices06.com\/index.php\/wp-json\/wp\/v2\/types\/page"}],"author":[{"embeddable":true,"href":"https:\/\/tgservices06.com\/index.php\/wp-json\/wp\/v2\/users\/1"}],"replies":[{"embeddable":true,"href":"https:\/\/tgservices06.com\/index.php\/wp-json\/wp\/v2\/comments?post=235"}],"version-history":[{"count":13,"href":"https:\/\/tgservices06.com\/index.php\/wp-json\/wp\/v2\/pages\/235\/revisions"}],"predecessor-version":[{"id":415,"href":"https:\/\/tgservices06.com\/index.php\/wp-json\/wp\/v2\/pages\/235\/revisions\/415"}],"wp:featuredmedia":[{"embeddable":true,"href":"https:\/\/tgservices06.com\/index.php\/wp-json\/wp\/v2\/media\/337"}],"wp:attachment":[{"href":"https:\/\/tgservices06.com\/index.php\/wp-json\/wp\/v2\/media?parent=235"}],"curies":[{"name":"wp","href":"https:\/\/api.w.org\/{rel}","templated":true}]}}