{"id":233,"date":"2025-09-29T08:18:05","date_gmt":"2025-09-29T08:18:05","guid":{"rendered":"https:\/\/tgservices06.com\/?page_id=233"},"modified":"2025-10-15T19:25:10","modified_gmt":"2025-10-15T19:25:10","slug":"services-personne","status":"publish","type":"page","link":"https:\/\/tgservices06.com\/index.php\/services-personne\/","title":{"rendered":"Les services \u00e0 la personne"},"content":{"rendered":"\t\t<div data-elementor-type=\"wp-page\" data-elementor-id=\"233\" class=\"elementor elementor-233\">\n\t\t\t\t<div class=\"elementor-element elementor-element-0e16499 e-flex e-con-boxed e-con e-parent\" data-id=\"0e16499\" data-element_type=\"container\">\n\t\t\t\t\t<div class=\"e-con-inner\">\n\t\t\t\t<div class=\"elementor-element elementor-element-2f2149e elementor-widget elementor-widget-heading\" data-id=\"2f2149e\" data-element_type=\"widget\" data-widget_type=\"heading.default\">\n\t\t\t\t\t<h1 class=\"elementor-heading-title elementor-size-default\">TG Services et les service \u00e0 la personne<\/h1>\t\t\t\t<\/div>\n\t\t\t\t\t<\/div>\n\t\t\t\t<\/div>\n\t\t<div class=\"elementor-element elementor-element-73ba9f6 e-flex e-con-boxed e-con e-parent\" data-id=\"73ba9f6\" data-element_type=\"container\">\n\t\t\t\t\t<div class=\"e-con-inner\">\n\t\t\t\t<div class=\"elementor-element elementor-element-21e4b9a elementor-widget elementor-widget-text-editor\" data-id=\"21e4b9a\" data-element_type=\"widget\" data-widget_type=\"text-editor.default\">\n\t\t\t\t\t\t\t\t\t<p>En tant que prestataire agr\u00e9\u00e9 pour les services \u00e0 la personnes, voici quelques explications sur le fonctionnement et les avantages.<\/p>\t\t\t\t\t\t\t\t<\/div>\n\t\t\t\t\t<\/div>\n\t\t\t\t<\/div>\n\t\t<div class=\"elementor-element elementor-element-25511b2 e-flex e-con-boxed e-con e-parent\" data-id=\"25511b2\" data-element_type=\"container\">\n\t\t\t\t\t<div class=\"e-con-inner\">\n\t\t\t\t<div class=\"elementor-element elementor-element-fcf9834 elementor-widget elementor-widget-image\" data-id=\"fcf9834\" data-element_type=\"widget\" data-widget_type=\"image.default\">\n\t\t\t\t\t\t\t\t\t\t\t\t\t\t\t<img fetchpriority=\"high\" decoding=\"async\" width=\"600\" height=\"377\" src=\"https:\/\/tgservices06.com\/wp-content\/uploads\/2025\/09\/TG-Services-e1759347290497-600x377.png\" class=\"attachment-ocean-thumb-m size-ocean-thumb-m wp-image-227\" alt=\"les services \u00e0 la personne\" \/>\t\t\t\t\t\t\t\t\t\t\t\t\t\t\t<\/div>\n\t\t\t\t\t<\/div>\n\t\t\t\t<\/div>\n\t\t<div class=\"elementor-element elementor-element-84b4d5f e-flex e-con-boxed e-con e-parent\" data-id=\"84b4d5f\" data-element_type=\"container\">\n\t\t\t\t\t<div class=\"e-con-inner\">\n\t\t\t\t<div class=\"elementor-element elementor-element-52a1d97 elementor-widget elementor-widget-heading\" data-id=\"52a1d97\" data-element_type=\"widget\" data-widget_type=\"heading.default\">\n\t\t\t\t\t<h2 class=\"elementor-heading-title elementor-size-default\">Les services \u00e0 la personne c'est quoi?<\/h2>\t\t\t\t<\/div>\n\t\t\t\t\t<\/div>\n\t\t\t\t<\/div>\n\t\t<div class=\"elementor-element elementor-element-c3fbf59 e-flex e-con-boxed e-con e-parent\" data-id=\"c3fbf59\" data-element_type=\"container\">\n\t\t\t\t\t<div class=\"e-con-inner\">\n\t\t\t\t<div class=\"elementor-element elementor-element-a0b441e elementor-widget elementor-widget-text-editor\" data-id=\"a0b441e\" data-element_type=\"widget\" data-widget_type=\"text-editor.default\">\n\t\t\t\t\t\t\t\t\t<p><strong>Les services \u00e0 la personne<\/strong> sont un ensemble de services exerc\u00e9s au domicile des particuliers et qui leur\u00a0 permettent :<\/p><ul><li>d&rsquo;assurer un <strong>\u00e9quilibre entre vie professionnelle et vie personnelle<\/strong>,<\/li><li>de d\u00e9l\u00e9guer certaines t\u00e2ches r\u00e9currentes du quotidien.<\/li><\/ul><p>\u00a0En tant que professionnel agr\u00e9\u00e9, je propose des prestations de <strong data-start=\"445\" data-end=\"458\">jardinage<\/strong> (tonte, taille, d\u00e9sherbage\u2026) et de <strong data-start=\"494\" data-end=\"513\">\u00a0bricolage<\/strong> (r\u00e9parations courantes, etc.) dans le cadre l\u00e9gal des services \u00e0 la personne.<\/p><p>Ce dispositif vous permet non seulement de profiter d\u2019un service fiable et local \u00e0 <strong data-start=\"718\" data-end=\"746\">Saint-C\u00e9zaire-sur-Siagne et ses alentours. <\/strong>Le\u00a0tout en b\u00e9n\u00e9ficiant d&rsquo;avantages fiscaux.<\/p>\t\t\t\t\t\t\t\t<\/div>\n\t\t\t\t\t<\/div>\n\t\t\t\t<\/div>\n\t\t<div class=\"elementor-element elementor-element-38b2d6f e-flex e-con-boxed e-con e-parent\" data-id=\"38b2d6f\" data-element_type=\"container\">\n\t\t\t\t\t<div class=\"e-con-inner\">\n\t\t\t\t<div class=\"elementor-element elementor-element-aa0ca09 elementor-widget elementor-widget-heading\" data-id=\"aa0ca09\" data-element_type=\"widget\" data-widget_type=\"heading.default\">\n\t\t\t\t\t<h2 class=\"elementor-heading-title elementor-size-default\">Les services \u00e0 la personne pour qui?<\/h2>\t\t\t\t<\/div>\n\t\t\t\t\t<\/div>\n\t\t\t\t<\/div>\n\t\t<div class=\"elementor-element elementor-element-b72677a e-flex e-con-boxed e-con e-parent\" data-id=\"b72677a\" data-element_type=\"container\">\n\t\t\t\t\t<div class=\"e-con-inner\">\n\t\t\t\t<div class=\"elementor-element elementor-element-edbc396 elementor-widget elementor-widget-text-editor\" data-id=\"edbc396\" data-element_type=\"widget\" data-widget_type=\"text-editor.default\">\n\t\t\t\t\t\t\t\t\t<p>Les services \u00e0 la personne s\u2019adressent <strong data-start=\"857\" data-end=\"884\">\u00e0 tous les particuliers:<\/strong><\/p><ul><li>\u00a0qu\u2019ils soient actifs ou retrait\u00e9s<\/li><li><strong>sans conditions d&rsquo;\u00e2ge, <\/strong><\/li><li><strong>de situation, <\/strong><\/li><li><strong>ni de revenus<\/strong>.<\/li><\/ul><p>Que vous manquiez de temps, que vous ne puissiez plus <strong>entretenir votre jardin<\/strong> vous-m\u00eame, ou que vous souhaitiez simplement d\u00e9l\u00e9guer ces t\u00e2ches, vous pouvez faire appel \u00e0 un prestataire agr\u00e9\u00e9.\u00a0 Ce dispositif s&rsquo;adresse \u00e9galement \u00e0 vous si vous avez besoin d&rsquo;aide pour effectuer des <strong>travaux de bricolage<\/strong>?<\/p><p>B\u00e9n\u00e9ficiez ainsi d\u2019un service fiable, sans formalit\u00e9s complexes. Et ce que vous viviez \u00e0 l\u2019ann\u00e9e \u00e0 <strong>Saint C\u00e9zaire sur Siagne<\/strong> et ses alentours, ou que vous poss\u00e9diez une r\u00e9sidence secondaire. Je vous accompagne avec professionnalisme.<\/p>\t\t\t\t\t\t\t\t<\/div>\n\t\t\t\t\t<\/div>\n\t\t\t\t<\/div>\n\t\t<div class=\"elementor-element elementor-element-5962d91 e-flex e-con-boxed e-con e-parent\" data-id=\"5962d91\" data-element_type=\"container\">\n\t\t\t\t\t<div class=\"e-con-inner\">\n\t\t\t\t<div class=\"elementor-element elementor-element-dd1b6dc elementor-widget elementor-widget-heading\" data-id=\"dd1b6dc\" data-element_type=\"widget\" data-widget_type=\"heading.default\">\n\t\t\t\t\t<h2 class=\"elementor-heading-title elementor-size-default\">Comment \u00e7a fonctionne?<\/h2>\t\t\t\t<\/div>\n\t\t\t\t\t<\/div>\n\t\t\t\t<\/div>\n\t\t<div class=\"elementor-element elementor-element-ea212e5 e-flex e-con-boxed e-con e-parent\" data-id=\"ea212e5\" data-element_type=\"container\">\n\t\t\t\t\t<div class=\"e-con-inner\">\n\t\t\t\t<div class=\"elementor-element elementor-element-fcd38f1 elementor-widget elementor-widget-text-editor\" data-id=\"fcd38f1\" data-element_type=\"widget\" data-widget_type=\"text-editor.default\">\n\t\t\t\t\t\t\t\t\t<p>Pour faciliter l&rsquo;acc\u00e8s aux m\u00e9nages, l&rsquo;Etat propose un avantage fiscal sous la forme d&rsquo;un cr\u00e9dit d&rsquo;imp\u00f4ts, \u00e9gal \u00e0 50% des d\u00e9penses engag\u00e9es pour les prestations de services \u00e0 la personne. Et ce dans la limite de&nbsp; 12000\u20ac par an et par foyer fiscal.<\/p>\n<p>Le cr\u00e9dit d&rsquo;imp\u00f4t est d\u00e9duit du montant de l&rsquo;imp\u00f4t d\u00fb. Si le montant du cr\u00e9dit d&rsquo;imp\u00f4t est sup\u00e9rieur au montant de l&rsquo;imp\u00f4t sur le revenu, le contribuable est rembours\u00e9 du surplus, ou de la totalit\u00e9 dans le cas d&rsquo;un contribuable non imposable par l&rsquo;administration fiscale.<\/p>\n<p>Pour ce faire, je vous enverrai une attestation fiscale en fin d&rsquo;ann\u00e9e avec les montants \u00e0 reporter sur votre d\u00e9claration de revenus.<\/p>\n<p>Ce dispositif est simple, l\u00e9gal et avantageux, et permet de rendre plus accessible l\u2019entretien de votre domicile.<\/p>\n<p>Les plafonds :<\/p>\n<ul>\n<li>bricolage : 500\u20ac<\/li>\n<li>jardinage 5000\u20ac<\/li>\n<\/ul>\t\t\t\t\t\t\t\t<\/div>\n\t\t\t\t\t<\/div>\n\t\t\t\t<\/div>\n\t\t\t\t<\/div>\n\t\t","protected":false},"excerpt":{"rendered":"<p>TG Services et les service \u00e0 la personne En tant que prestataire agr\u00e9\u00e9 pour les services \u00e0 la personnes, voici quelques explications sur le fonctionnement et les avantages. Les services \u00e0 la personne c&rsquo;est quoi? Les services \u00e0 la personne sont un ensemble de services exerc\u00e9s au domicile des particuliers et qui leur\u00a0 permettent : [&hellip;]<\/p>\n","protected":false},"author":1,"featured_media":229,"parent":0,"menu_order":0,"comment_status":"closed","ping_status":"closed","template":"","meta":{"footnotes":""},"class_list":["post-233","page","type-page","status-publish","has-post-thumbnail","hentry","entry","has-media"],"yoast_head":"<!-- This site is optimized with the Yoast SEO plugin v25.9 - https:\/\/yoast.com\/wordpress\/plugins\/seo\/ -->\n<title>Les services \u00e0 la personne -<\/title>\n<meta name=\"description\" content=\"Fa\u00eetes appel \u00e0 TG Services, votre jardinier pour l&#039;entretien de votre jardin ou la petite ma\u00e7onnerie en services \u00e0 la personne\" \/>\n<meta name=\"robots\" content=\"index, follow, max-snippet:-1, max-image-preview:large, max-video-preview:-1\" \/>\n<link rel=\"canonical\" href=\"https:\/\/tgservices06.com\/index.php\/services-personne\/\" \/>\n<meta property=\"og:locale\" content=\"fr_FR\" \/>\n<meta property=\"og:type\" content=\"article\" \/>\n<meta property=\"og:title\" content=\"Les services \u00e0 la personne -\" \/>\n<meta property=\"og:description\" content=\"Fa\u00eetes appel \u00e0 TG Services, votre jardinier pour l&#039;entretien de votre jardin ou la petite ma\u00e7onnerie en services \u00e0 la personne\" \/>\n<meta property=\"og:url\" content=\"https:\/\/tgservices06.com\/index.php\/services-personne\/\" \/>\n<meta property=\"article:modified_time\" content=\"2025-10-15T19:25:10+00:00\" \/>\n<meta property=\"og:image\" content=\"https:\/\/tgservices06.com\/wp-content\/uploads\/2025\/09\/cropped-cropped-Design-sans-titre-45-e1759133293638.png\" \/>\n\t<meta property=\"og:image:width\" content=\"1080\" \/>\n\t<meta property=\"og:image:height\" content=\"377\" \/>\n\t<meta property=\"og:image:type\" content=\"image\/png\" \/>\n<meta name=\"twitter:card\" content=\"summary_large_image\" \/>\n<meta name=\"twitter:label1\" content=\"Dur\u00e9e de lecture estim\u00e9e\" \/>\n\t<meta name=\"twitter:data1\" content=\"3 minutes\" \/>\n<script type=\"application\/ld+json\" class=\"yoast-schema-graph\">{\"@context\":\"https:\/\/schema.org\",\"@graph\":[{\"@type\":\"WebPage\",\"@id\":\"https:\/\/tgservices06.com\/index.php\/services-personne\/\",\"url\":\"https:\/\/tgservices06.com\/index.php\/services-personne\/\",\"name\":\"Les services \u00e0 la personne -\",\"isPartOf\":{\"@id\":\"https:\/\/tgservices06.com\/#website\"},\"primaryImageOfPage\":{\"@id\":\"https:\/\/tgservices06.com\/index.php\/services-personne\/#primaryimage\"},\"image\":{\"@id\":\"https:\/\/tgservices06.com\/index.php\/services-personne\/#primaryimage\"},\"thumbnailUrl\":\"https:\/\/tgservices06.com\/wp-content\/uploads\/2025\/09\/cropped-cropped-Design-sans-titre-45-e1759133293638.png\",\"datePublished\":\"2025-09-29T08:18:05+00:00\",\"dateModified\":\"2025-10-15T19:25:10+00:00\",\"description\":\"Fa\u00eetes appel \u00e0 TG Services, votre jardinier pour l'entretien de votre jardin ou la petite ma\u00e7onnerie en services \u00e0 la personne\",\"breadcrumb\":{\"@id\":\"https:\/\/tgservices06.com\/index.php\/services-personne\/#breadcrumb\"},\"inLanguage\":\"fr-FR\",\"potentialAction\":[{\"@type\":\"ReadAction\",\"target\":[\"https:\/\/tgservices06.com\/index.php\/services-personne\/\"]}]},{\"@type\":\"ImageObject\",\"inLanguage\":\"fr-FR\",\"@id\":\"https:\/\/tgservices06.com\/index.php\/services-personne\/#primaryimage\",\"url\":\"https:\/\/tgservices06.com\/wp-content\/uploads\/2025\/09\/cropped-cropped-Design-sans-titre-45-e1759133293638.png\",\"contentUrl\":\"https:\/\/tgservices06.com\/wp-content\/uploads\/2025\/09\/cropped-cropped-Design-sans-titre-45-e1759133293638.png\",\"width\":1080,\"height\":377,\"caption\":\"logo\"},{\"@type\":\"BreadcrumbList\",\"@id\":\"https:\/\/tgservices06.com\/index.php\/services-personne\/#breadcrumb\",\"itemListElement\":[{\"@type\":\"ListItem\",\"position\":1,\"name\":\"Accueil\",\"item\":\"https:\/\/tgservices06.com\/\"},{\"@type\":\"ListItem\",\"position\":2,\"name\":\"Les services \u00e0 la personne\"}]},{\"@type\":\"WebSite\",\"@id\":\"https:\/\/tgservices06.com\/#website\",\"url\":\"https:\/\/tgservices06.com\/\",\"name\":\"\",\"description\":\"\",\"potentialAction\":[{\"@type\":\"SearchAction\",\"target\":{\"@type\":\"EntryPoint\",\"urlTemplate\":\"https:\/\/tgservices06.com\/?s={search_term_string}\"},\"query-input\":{\"@type\":\"PropertyValueSpecification\",\"valueRequired\":true,\"valueName\":\"search_term_string\"}}],\"inLanguage\":\"fr-FR\"}]}<\/script>\n<!-- \/ Yoast SEO plugin. -->","yoast_head_json":{"title":"Les services \u00e0 la personne -","description":"Fa\u00eetes appel \u00e0 TG Services, votre jardinier pour l'entretien de votre jardin ou la petite ma\u00e7onnerie en services \u00e0 la personne","robots":{"index":"index","follow":"follow","max-snippet":"max-snippet:-1","max-image-preview":"max-image-preview:large","max-video-preview":"max-video-preview:-1"},"canonical":"https:\/\/tgservices06.com\/index.php\/services-personne\/","og_locale":"fr_FR","og_type":"article","og_title":"Les services \u00e0 la personne -","og_description":"Fa\u00eetes appel \u00e0 TG Services, votre jardinier pour l'entretien de votre jardin ou la petite ma\u00e7onnerie en services \u00e0 la personne","og_url":"https:\/\/tgservices06.com\/index.php\/services-personne\/","article_modified_time":"2025-10-15T19:25:10+00:00","og_image":[{"width":1080,"height":377,"url":"https:\/\/tgservices06.com\/wp-content\/uploads\/2025\/09\/cropped-cropped-Design-sans-titre-45-e1759133293638.png","type":"image\/png"}],"twitter_card":"summary_large_image","twitter_misc":{"Dur\u00e9e de lecture estim\u00e9e":"3 minutes"},"schema":{"@context":"https:\/\/schema.org","@graph":[{"@type":"WebPage","@id":"https:\/\/tgservices06.com\/index.php\/services-personne\/","url":"https:\/\/tgservices06.com\/index.php\/services-personne\/","name":"Les services \u00e0 la personne -","isPartOf":{"@id":"https:\/\/tgservices06.com\/#website"},"primaryImageOfPage":{"@id":"https:\/\/tgservices06.com\/index.php\/services-personne\/#primaryimage"},"image":{"@id":"https:\/\/tgservices06.com\/index.php\/services-personne\/#primaryimage"},"thumbnailUrl":"https:\/\/tgservices06.com\/wp-content\/uploads\/2025\/09\/cropped-cropped-Design-sans-titre-45-e1759133293638.png","datePublished":"2025-09-29T08:18:05+00:00","dateModified":"2025-10-15T19:25:10+00:00","description":"Fa\u00eetes appel \u00e0 TG Services, votre jardinier pour l'entretien de votre jardin ou la petite ma\u00e7onnerie en services \u00e0 la personne","breadcrumb":{"@id":"https:\/\/tgservices06.com\/index.php\/services-personne\/#breadcrumb"},"inLanguage":"fr-FR","potentialAction":[{"@type":"ReadAction","target":["https:\/\/tgservices06.com\/index.php\/services-personne\/"]}]},{"@type":"ImageObject","inLanguage":"fr-FR","@id":"https:\/\/tgservices06.com\/index.php\/services-personne\/#primaryimage","url":"https:\/\/tgservices06.com\/wp-content\/uploads\/2025\/09\/cropped-cropped-Design-sans-titre-45-e1759133293638.png","contentUrl":"https:\/\/tgservices06.com\/wp-content\/uploads\/2025\/09\/cropped-cropped-Design-sans-titre-45-e1759133293638.png","width":1080,"height":377,"caption":"logo"},{"@type":"BreadcrumbList","@id":"https:\/\/tgservices06.com\/index.php\/services-personne\/#breadcrumb","itemListElement":[{"@type":"ListItem","position":1,"name":"Accueil","item":"https:\/\/tgservices06.com\/"},{"@type":"ListItem","position":2,"name":"Les services \u00e0 la personne"}]},{"@type":"WebSite","@id":"https:\/\/tgservices06.com\/#website","url":"https:\/\/tgservices06.com\/","name":"","description":"","potentialAction":[{"@type":"SearchAction","target":{"@type":"EntryPoint","urlTemplate":"https:\/\/tgservices06.com\/?s={search_term_string}"},"query-input":{"@type":"PropertyValueSpecification","valueRequired":true,"valueName":"search_term_string"}}],"inLanguage":"fr-FR"}]}},"_links":{"self":[{"href":"https:\/\/tgservices06.com\/index.php\/wp-json\/wp\/v2\/pages\/233","targetHints":{"allow":["GET"]}}],"collection":[{"href":"https:\/\/tgservices06.com\/index.php\/wp-json\/wp\/v2\/pages"}],"about":[{"href":"https:\/\/tgservices06.com\/index.php\/wp-json\/wp\/v2\/types\/page"}],"author":[{"embeddable":true,"href":"https:\/\/tgservices06.com\/index.php\/wp-json\/wp\/v2\/users\/1"}],"replies":[{"embeddable":true,"href":"https:\/\/tgservices06.com\/index.php\/wp-json\/wp\/v2\/comments?post=233"}],"version-history":[{"count":29,"href":"https:\/\/tgservices06.com\/index.php\/wp-json\/wp\/v2\/pages\/233\/revisions"}],"predecessor-version":[{"id":418,"href":"https:\/\/tgservices06.com\/index.php\/wp-json\/wp\/v2\/pages\/233\/revisions\/418"}],"wp:featuredmedia":[{"embeddable":true,"href":"https:\/\/tgservices06.com\/index.php\/wp-json\/wp\/v2\/media\/229"}],"wp:attachment":[{"href":"https:\/\/tgservices06.com\/index.php\/wp-json\/wp\/v2\/media?parent=233"}],"curies":[{"name":"wp","href":"https:\/\/api.w.org\/{rel}","templated":true}]}}